{"id":391733,"date":"2017-01-16T17:16:32","date_gmt":"2017-01-16T17:16:32","guid":{"rendered":"http:\/\/www.humane.com.mx\/espanol\/?page_id=391733"},"modified":"2017-10-26T16:00:39","modified_gmt":"2017-10-26T16:00:39","slug":"complementarias","status":"publish","type":"page","link":"https:\/\/www.humane.com.mx\/espanol\/complementarias\/","title":{"rendered":"Complementarias"},"content":{"rendered":"[vc_row css=\u00bb.vc_custom_1437102486827{margin-bottom: 0px !important;}\u00bb][vc_column][rev_slider_vc alias=\u00bbcomplementarias\u00bb][\/vc_column][\/vc_row][vc_row full_width=\u00bbstretch_row\u00bb content_placement=\u00bbmiddle\u00bb css=\u00bb.vc_custom_1455694509523{padding-top: 40px !important;padding-bottom: 100px !important;background-color: #ebebeb !important;}\u00bb el_class=\u00bbh7_desc\u00bb][vc_column css=\u00bb.vc_custom_1508834755677{padding-right: 10% !important;padding-left: 10% !important;}\u00bb][vc_column_text]\r\n<h2>Clases Complementarias<\/h2>\r\n<h4>Comunidad Infantil<\/h4>\r\nCon las clases complementarias los ni\u00f1os m\u00e1s peque\u00f1os reconocen los principios art\u00edsticos y de m\u00fasica con creatividad; trabajan en la naturaleza, han desarrollado su motricidad y dominio de la misma para interactuar en grupo.\r\n\r\n<hr \/>\r\n\r\n<h2><\/h2>\r\n<h4>Casa de Ni\u00f1os<\/h4>\r\nLos ni\u00f1os son conscientes del ambiente en el que est\u00e1n, trabajan el arte pl\u00e1stico y aspectos musicales desarrollando su curiosidad art\u00edstica. En su psicomotricidad dominan de su motricidad fina y concentraci\u00f3n. Adem\u00e1s de que, reconoce los diferentes seres vivos y su ambiente. Y ya tiene contacto con actividades deportivas al finalizar su preescolar.\r\n\r\n<hr \/>\r\n\r\n<h4><\/h4>\r\n<h4>Talleres<\/h4>\r\nTrabaja de manera estructurada, logrando trabajar en equipo; ya toma sus propias decisiones interactuando con la tecnolog\u00eda. Su comunicaci\u00f3n no verbal se ha fortalecido al externarlo por medio de actividades art\u00edsticas y deportivas.\r\n\r\n<hr \/>\r\n\r\n<h4><\/h4>\r\n<h4>Secundaria<\/h4>\r\nHan potencializado sus habilidades art\u00edsticas, deportivas y consciencia ecol\u00f3gica, ya que adquirieron conocimientos de actividades diferentes que consolida su formaci\u00f3n integral como persona.[\/vc_column_text][\/vc_column][\/vc_row][vc_row css=\u00bb.vc_custom_1456211060490{padding-top: 100px !important;}\u00bb el_class=\u00bbawesome_services\u00bb][vc_column]<div  id=\"h817YoEbUI\" class=\"k2t-heading align-center has-border no-subtitle h2 fat_line\"><div class=\"k2t-heading-inner\"><div class=\"text\"><h2 class=\"h\"><span>Clases complementarias<\/span><\/h2><div class=\"has-boder-style\"><span><\/span><\/div><\/div><\/div><\/div>[vc_column_text css=\u00bb.vc_custom_1487701401679{margin-top: -10px !important;}\u00bb]\r\n<p style=\"text-align: center;\">Con nuestras clases complementarias buscamos fortalecer el crecimiento natural de nuestros ni\u00f1os.<\/p>\r\n[\/vc_column_text][\/vc_column][\/vc_row][vc_row full_width=\u00bbstretch_row\u00bb css=\u00bb.vc_custom_1455699231727{padding-top: 210px !important;padding-bottom: 170px !important;background-color: #03a9f4 !important;}\u00bb el_class=\u00bbwrap-pricing\u00bb][vc_column width=\u00bb1\/2&#8243; el_class=\u00bbleft-price\u00bb][vc_column_text]\r\n<div class=\"text-pricing\" style=\"color: white; margin-top: -25px;\">\r\n\r\n<span style=\"line-height: 100px; float: left; width: 100%; margin-top: 40px; color: #ffffff;\"><span style=\"font-size: 100px; font-weight: 100;\">ARTE<\/span><\/span>\r\n<p class=\"item\" style=\"font-weight: 100; font-size: 128.571%; line-height: 1.8em; margin-bottom: 68px;\"><span style=\"color: #ffffff;\">Con diferentes estrategias art\u00edsticas los ni\u00f1os desarrollan su creatividad y sus sentidos, fortaleciendo su confianza en s\u00ed mismo al expresarse por medio de sus obras pl\u00e1sticas con diferentes t\u00e9cnicas.<\/span><\/p>\r\n\r\n<\/div>\r\n[\/vc_column_text][\/vc_column][vc_column width=\u00bb1\/2&#8243; el_class=\u00bbleft-price\u00bb css=\u00bb.vc_custom_1455699351054{background-position: 0 0 !important;background-repeat: no-repeat !important;}\u00bb][vc_single_image image=\u00bb391901&#8243; img_size=\u00bbfull\u00bb el_class=\u00bbk2t-element-hover item_image\u00bb][\/vc_column][\/vc_row][vc_row full_width=\u00bbstretch_row\u00bb css=\u00bb.vc_custom_1456303754374{padding-top: 210px !important;padding-bottom: 170px !important;background-color: #4caf50 !important;}\u00bb el_class=\u00bbwrap-pricing iwrap\u00bb][vc_column width=\u00bb1\/2&#8243; el_class=\u00bbleft-price\u00bb][vc_single_image image=\u00bb391621&#8243; img_size=\u00bbfull\u00bb el_class=\u00bbk2t-element-hover item_image\u00bb][\/vc_column][vc_column width=\u00bb1\/2&#8243; el_class=\u00bbleft-price\u00bb css=\u00bb.vc_custom_1508834818773{background-position: 0 0 !important;background-repeat: no-repeat !important;}\u00bb][vc_column_text]\r\n<div class=\"text-pricing\" style=\"color: white; margin-top: -25px;\">\r\n<h3 style=\"color: white;\">DEPORTES<\/h3>\r\n<p class=\"item\" style=\"font-weight: 100; font-size: 128.571%; line-height: 1.8em; margin-bottom: 68px;\"><span style=\"color: #ffffff;\">Es una de las actividades m\u00e1s importantes para desarrollar su formaci\u00f3n como persona, por medio de la pr\u00e1ctica de las diferentes disciplinas deportivas y su participaci\u00f3n en el torneo deportivo interno, donde participan como equipo a lo largo del ciclo escolar.<\/span><\/p>\r\n\r\n<\/div>\r\n[\/vc_column_text][\/vc_column][\/vc_row][vc_row full_width=\u00bbstretch_row\u00bb css=\u00bb.vc_custom_1455699231727{padding-top: 210px !important;padding-bottom: 170px !important;background-color: #03a9f4 !important;}\u00bb el_class=\u00bbwrap-pricing\u00bb][vc_column width=\u00bb1\/2&#8243; el_class=\u00bbleft-price\u00bb][vc_column_text]\r\n<div class=\"text-pricing\" style=\"color: white; margin-top: -25px;\">\r\n<h3 style=\"color: white;\">HUERTO<\/h3>\r\n<p class=\"item\" style=\"font-weight: 100; font-size: 128.571%; line-height: 1.8em; margin-bottom: 68px;\"><span style=\"color: #ffffff;\">Los ni\u00f1os trabajan con la naturaleza y todo el quehacer humano que encuentran, para crear soluciones y mejorar el mundo en el que viven; por medio de interactuar con el mundo vegetal y animal, as\u00ed como la consciencia ecol\u00f3gica por el reciclado.<\/span><\/p>\r\n\r\n<\/div>\r\n[\/vc_column_text][\/vc_column][vc_column width=\u00bb1\/2&#8243; el_class=\u00bbleft-price\u00bb css=\u00bb.vc_custom_1455699351054{background-position: 0 0 !important;background-repeat: no-repeat !important;}\u00bb][vc_single_image image=\u00bb391874&#8243; img_size=\u00bbfull\u00bb el_class=\u00bbk2t-element-hover item_image\u00bb][\/vc_column][\/vc_row][vc_row full_width=\u00bbstretch_row\u00bb css=\u00bb.vc_custom_1456303754374{padding-top: 210px !important;padding-bottom: 170px !important;background-color: #4caf50 !important;}\u00bb el_class=\u00bbwrap-pricing iwrap\u00bb][vc_column width=\u00bb1\/2&#8243; el_class=\u00bbleft-price\u00bb][vc_single_image image=\u00bb391619&#8243; img_size=\u00bbfull\u00bb el_class=\u00bbk2t-element-hover item_image\u00bb][\/vc_column][vc_column width=\u00bb1\/2&#8243; el_class=\u00bbleft-price\u00bb css=\u00bb.vc_custom_1508834909091{background-position: 0 0 !important;background-repeat: no-repeat !important;}\u00bb][vc_column_text]\r\n<div class=\"text-pricing\" style=\"color: white; margin-top: -25px;\">\r\n<h3 style=\"color: white;\">M\u00daSICA<\/h3>\r\n<p class=\"item\" style=\"font-weight: 100; font-size: 128.571%; line-height: 1.8em; margin-bottom: 68px;\"><span style=\"color: #ffffff;\">Les ayuda en el desarrollo de sus sentidos con armon\u00eda y la pr\u00e1ctica, al emplear diversos instrumentos con ritmo, lo cual fortalece su expresi\u00f3n e interacci\u00f3n con la gente y el mundo en el que conviven<\/span><\/p>\r\n\r\n<\/div>\r\n[\/vc_column_text][\/vc_column][\/vc_row][vc_row full_width=\u00bbstretch_row\u00bb css=\u00bb.vc_custom_1455699231727{padding-top: 210px !important;padding-bottom: 170px !important;background-color: #03a9f4 !important;}\u00bb el_class=\u00bbwrap-pricing\u00bb][vc_column width=\u00bb1\/2&#8243; el_class=\u00bbleft-price\u00bb][vc_column_text]\r\n<div class=\"text-pricing\" style=\"color: white; margin-top: -25px;\">\r\n<h3 style=\"color: white;\">PSICOMOTRICIDAD<\/h3>\r\n<p class=\"item\" style=\"font-weight: 100; font-size: 128.571%; line-height: 1.8em; margin-bottom: 68px;\"><span style=\"color: #ffffff;\">Est\u00e1 enfocada a crear una estructura en el ni\u00f1o, apoyado por la coordinaci\u00f3n de sus movimiento, dominio del espacio tiempo, seguimiento a indicaciones que se ven reflejados en su facilidad de comunicaci\u00f3n y trabajo en equipo.<\/span><\/p>\r\n\r\n<\/div>\r\n[\/vc_column_text][\/vc_column][vc_column width=\u00bb1\/2&#8243; el_class=\u00bbleft-price\u00bb css=\u00bb.vc_custom_1455699351054{background-position: 0 0 !important;background-repeat: no-repeat !important;}\u00bb][vc_single_image image=\u00bb392077&#8243; img_size=\u00bbfull\u00bb el_class=\u00bbk2t-element-hover item_image\u00bb][\/vc_column][\/vc_row][vc_row full_width=\u00bbstretch_row\u00bb css=\u00bb.vc_custom_1456303754374{padding-top: 210px !important;padding-bottom: 170px !important;background-color: #4caf50 !important;}\u00bb el_class=\u00bbwrap-pricing iwrap\u00bb][vc_column width=\u00bb1\/2&#8243; el_class=\u00bbleft-price\u00bb][vc_single_image image=\u00bb391904&#8243; img_size=\u00bbfull\u00bb el_class=\u00bbk2t-element-hover item_image\u00bb][\/vc_column][vc_column width=\u00bb1\/2&#8243; el_class=\u00bbleft-price\u00bb css=\u00bb.vc_custom_1508835038120{background-position: 0 0 !important;background-repeat: no-repeat !important;}\u00bb][vc_column_text]\r\n<div class=\"text-pricing\" style=\"color: white; margin-top: -25px;\">\r\n<h3 style=\"color: white;\">ROBOTICA<\/h3>\r\n<p class=\"item\" style=\"font-weight: 100; font-size: 128.571%; line-height: 1.8em; margin-bottom: 68px;\"><span style=\"color: #ffffff;\">Buscamos formar de manera diferente la interacci\u00f3n del ni\u00f1o con la tecnolog\u00eda, desde el uso de material did\u00e1ctico que le ayude a crear m\u00e1quinas simples, hasta comenzar con la programaci\u00f3n de peque\u00f1os droides y apliquen los conceptos aprendidos en el ambiente.<\/span><\/p>\r\n\r\n<\/div>\r\n[\/vc_column_text][\/vc_column][\/vc_row][vc_row full_width=\u00bbstretch_row\u00bb css=\u00bb.vc_custom_1455699231727{padding-top: 210px !important;padding-bottom: 170px !important;background-color: #03a9f4 !important;}\u00bb el_class=\u00bbwrap-pricing\u00bb][vc_column width=\u00bb1\/2&#8243; el_class=\u00bbleft-price\u00bb][vc_column_text]\r\n<div class=\"text-pricing\" style=\"color: white; margin-top: -25px;\">\r\n<h3 style=\"color: white;\">EQUIPOS RESPRESNTATIVOS<\/h3>\r\nEs el fortalecimiento de los ni\u00f1os cuyas habilidades deportivas se enfrentan a retos, al competir en eventos estudiantiles con otras instituciones educativas y mejorar su actitud ante la vida; desarrollan su disciplina, el compromiso y el respeto a los dem\u00e1s y a los resultados. logrados.\r\n\r\n<\/div>\r\n[\/vc_column_text][\/vc_column][vc_column width=\u00bb1\/2&#8243; el_class=\u00bbleft-price\u00bb css=\u00bb.vc_custom_1455699351054{background-position: 0 0 !important;background-repeat: no-repeat !important;}\u00bb][vc_single_image image=\u00bb391905&#8243; img_size=\u00bbfull\u00bb el_class=\u00bbk2t-element-hover item_image\u00bb][\/vc_column][\/vc_row][vc_row full_width=\u00bbstretch_row\u00bb css=\u00bb.vc_custom_1456212165414{padding-top: 100px !important;padding-bottom: 60px !important;background-color: #ffffff !important;}\u00bb el_class=\u00bbapply_course\u00bb][vc_column]<div  id=\"fXLiZuWG1z\" class=\"k2t-heading align-left has-border no-subtitle h2 two_dots\"><div class=\"k2t-heading-inner\"><div class=\"text\"><h2 class=\"h\"><span>APLICAR PARA COLEGIO HUMANE<\/span><\/h2><div class=\"has-boder-style\"><span><\/span><\/div><\/div><\/div><\/div>[vc_column_text css=\u00bb.vc_custom_1487701619772{margin-top: -10px !important;margin-bottom: 120px !important;}\u00bb el_class=\u00bbdesc_apply_course\u00bb]Contactanos para cualquier duda sobre Colegio Humane[\/vc_column_text]\n<div class=\"wpcf7 no-js\" id=\"wpcf7-f3496-o1\" lang=\"en-US\" dir=\"ltr\" data-wpcf7-id=\"3496\">\n<div class=\"screen-reader-response\"><p role=\"status\" aria-live=\"polite\" aria-atomic=\"true\"><\/p> <ul><\/ul><\/div>\n<form action=\"\/espanol\/wp-json\/wp\/v2\/pages\/391733#wpcf7-f3496-o1\" method=\"post\" class=\"wpcf7-form init\" aria-label=\"Contact form\" novalidate=\"novalidate\" data-status=\"init\">\n<fieldset class=\"hidden-fields-container\"><input type=\"hidden\" name=\"_wpcf7\" value=\"3496\" \/><input type=\"hidden\" name=\"_wpcf7_version\" value=\"6.1.4\" \/><input type=\"hidden\" name=\"_wpcf7_locale\" value=\"en_US\" \/><input type=\"hidden\" name=\"_wpcf7_unit_tag\" value=\"wpcf7-f3496-o1\" \/><input type=\"hidden\" name=\"_wpcf7_container_post\" value=\"0\" \/><input type=\"hidden\" name=\"_wpcf7_posted_data_hash\" value=\"\" \/>\n<\/fieldset>\n<div id=\"commentform\">\n\t<p class=\"one-third\"><label>Nombre *<\/label><span class=\"wpcf7-form-control-wrap\" data-name=\"your-name\"><input size=\"40\" maxlength=\"400\" class=\"wpcf7-form-control wpcf7-text wpcf7-validates-as-required\" aria-required=\"true\" aria-invalid=\"false\" value=\"\" type=\"text\" name=\"your-name\" \/><\/span>\n\t<\/p>\n\t<p class=\"one-third\"><label>Email *<\/label><span class=\"wpcf7-form-control-wrap\" data-name=\"your-email\"><input size=\"40\" maxlength=\"400\" class=\"wpcf7-form-control wpcf7-email wpcf7-validates-as-required wpcf7-text wpcf7-validates-as-email\" aria-required=\"true\" aria-invalid=\"false\" value=\"\" type=\"email\" name=\"your-email\" \/><\/span>\n\t<\/p>\n\t<p><label>Mensaje *<\/label><span class=\"wpcf7-form-control-wrap\" data-name=\"your-message\"><textarea cols=\"40\" rows=\"10\" maxlength=\"2000\" class=\"wpcf7-form-control wpcf7-textarea\" aria-invalid=\"false\" name=\"your-message\"><\/textarea><\/span>\n\t<\/p>\n\t<p><input class=\"wpcf7-form-control wpcf7-submit has-spinner btn-ripple\" type=\"submit\" value=\"Enviar Mensaje\" \/>\n\t<\/p>\n<\/div><p style=\"display: none !important;\" class=\"akismet-fields-container\" data-prefix=\"_wpcf7_ak_\"><label>&#916;<textarea name=\"_wpcf7_ak_hp_textarea\" cols=\"45\" rows=\"8\" maxlength=\"100\"><\/textarea><\/label><input type=\"hidden\" id=\"ak_js_1\" name=\"_wpcf7_ak_js\" value=\"35\"\/><script>document.getElementById( \"ak_js_1\" ).setAttribute( \"value\", ( new Date() ).getTime() );<\/script><\/p><div class=\"wpcf7-response-output\" aria-hidden=\"true\"><\/div>\n<\/form>\n<\/div>\n[\/vc_column][\/vc_row]","protected":false},"excerpt":{"rendered":"<p>[vc_row css=\u00bb.vc_custom_1437102486827{margin-bottom: 0px !important;}\u00bb][vc_column][rev_slider_vc alias=\u00bbcomplementarias\u00bb][\/vc_column][\/vc_row][vc_row full_width=\u00bbstretch_row\u00bb content_placement=\u00bbmiddle\u00bb css=\u00bb.vc_custom_1455694509523{padding-top: 40px !important;padding-bottom: 100px !important;background-color: #ebebeb !important;}\u00bb el_class=\u00bbh7_desc\u00bb][vc_column css=\u00bb.vc_custom_1508834755677{padding-right: 10% !important;padding-left: 10% !important;}\u00bb][vc_column_text]<\/p>\n","protected":false},"author":1,"featured_media":0,"parent":0,"menu_order":0,"comment_status":"closed","ping_status":"closed","template":"","meta":{"footnotes":""},"class_list":["post-391733","page","type-page","status-publish","hentry"],"_links":{"self":[{"href":"https:\/\/www.humane.com.mx\/espanol\/wp-json\/wp\/v2\/pages\/391733","targetHints":{"allow":["GET"]}}],"collection":[{"href":"https:\/\/www.humane.com.mx\/espanol\/wp-json\/wp\/v2\/pages"}],"about":[{"href":"https:\/\/www.humane.com.mx\/espanol\/wp-json\/wp\/v2\/types\/page"}],"author":[{"embeddable":true,"href":"https:\/\/www.humane.com.mx\/espanol\/wp-json\/wp\/v2\/users\/1"}],"replies":[{"embeddable":true,"href":"https:\/\/www.humane.com.mx\/espanol\/wp-json\/wp\/v2\/comments?post=391733"}],"version-history":[{"count":0,"href":"https:\/\/www.humane.com.mx\/espanol\/wp-json\/wp\/v2\/pages\/391733\/revisions"}],"wp:attachment":[{"href":"https:\/\/www.humane.com.mx\/espanol\/wp-json\/wp\/v2\/media?parent=391733"}],"curies":[{"name":"wp","href":"https:\/\/api.w.org\/{rel}","templated":true}]}}