{"id":391964,"date":"2017-02-23T17:06:54","date_gmt":"2017-02-23T17:06:54","guid":{"rendered":"http:\/\/www.humane.com.mx\/espanol\/?page_id=391964"},"modified":"2017-10-26T17:07:44","modified_gmt":"2017-10-26T17:07:44","slug":"talleres-2","status":"publish","type":"page","link":"https:\/\/www.humane.com.mx\/espanol\/talleres-2\/","title":{"rendered":"Talleres 2"},"content":{"rendered":"[vc_row css=\u00bb.vc_custom_1437102486827{margin-bottom: 0px !important;}\u00bb][vc_column][rev_slider_vc alias=\u00bbtalleres\u00bb][\/vc_column][\/vc_row][vc_row css=\u00bb.vc_custom_1494937331712{margin-bottom: 0px !important;padding-top: 100px !important;padding-bottom: 37px !important;}\u00bb][vc_column width=\u00bb1\/3&#8243;]<div class=\"k2t-iconbox layout-4\"  style=\"\"><div class=\"iconbox-icon\" style=\"\"><i style=\"\" class=\"zmdi zmdi-alarm-check\"><\/i><\/div><div class=\"iconbox-text\"><div class=\"title\"><h3 style=\"text-transform: inherit;\" class=\"h\"><a href=\"#\">Horario Talleres<\/a><\/h3><\/div><div class=\"desc\">Horario de 7:50 a.m. a 2:20 p.m.<\/div><\/div><\/div>[vc_empty_space height=\u00bb57px\u00bb el_class=\u00bbhidden-xs\u00bb]<div class=\"k2t-iconbox layout-4\"  style=\"\"><div class=\"iconbox-icon\" style=\"\"><i style=\"\" class=\"zmdi zmdi-collection-text\"><\/i><\/div><div class=\"iconbox-text\"><div class=\"title\"><h3 style=\"text-transform: inherit;\" class=\"h\"><a href=\"#\">Reading Program<\/a><\/h3><\/div><div class=\"desc\">Los ni\u00f1os fomentan la lectura en ingles a su nivel y ritmo<\/div><\/div><\/div>[\/vc_column][vc_column width=\u00bb1\/3&#8243;]<div class=\"k2t-iconbox layout-4\"  style=\"\"><div class=\"iconbox-icon\" style=\"\"><i style=\"\" class=\"zmdi zmdi-accounts\"><\/i><\/div><div class=\"iconbox-text\"><div class=\"title\"><h3 style=\"text-transform: inherit;\" class=\"h\"><a href=\"#\">Completamente biling\u00fce<\/a><\/h3><\/div><div class=\"desc\">Clases academicas 100% en ingl\u00e9s<\/div><\/div><\/div>[vc_empty_space height=\u00bb57px\u00bb el_class=\u00bbhidden-xs\u00bb]<div class=\"k2t-iconbox layout-4\"  style=\"\"><div class=\"iconbox-icon\" style=\"\"><i style=\"\" class=\"zmdi zmdi-favorite-outline\"><\/i><\/div><div class=\"iconbox-text\"><div class=\"title\"><h3 style=\"text-transform: inherit;\" class=\"h\"><a href=\"#\">Ser Humane<\/a><\/h3><\/div><div class=\"desc\">Promovemos ni\u00f1os que resuelven sus conflictos dialogando, capaces de reflexionar y emp\u00e1ticos con su entorno.<\/div><\/div><\/div>[\/vc_column][vc_column width=\u00bb1\/3&#8243;]<div class=\"k2t-iconbox layout-4\"  style=\"\"><div class=\"iconbox-icon\" style=\"\"><i style=\"\" class=\"zmdi zmdi-cutlery\"><\/i><\/div><div class=\"iconbox-text\"><div class=\"title\"><h3 style=\"text-transform: inherit;\" class=\"h\"><a href=\"#\">Servicio de comedor<\/a><\/h3><\/div><div class=\"desc\">Men\u00fas balanceados y menus especiales<\/div><\/div><\/div>[vc_empty_space height=\u00bb57px\u00bb el_class=\u00bbhidden-xs\u00bb]<div class=\"k2t-iconbox layout-4\"  style=\"\"><div class=\"iconbox-icon\" style=\"\"><i style=\"\" class=\"zmdi zmdi-flag\"><\/i><\/div><div class=\"iconbox-text\"><div class=\"title\"><h3 style=\"text-transform: inherit;\" class=\"h\"><a href=\"#\">Uniforme escolar<\/a><\/h3><\/div><div class=\"desc\">Contamos con dos uniformes, Civico que son los dias Lunes y obligatorio los dias de honores a la bandera y el deportivo para actividades fisicas. el resto de la semana pueden venir en ropa regular c\u00f3moda para realizar sus<\/div><\/div><\/div>[\/vc_column][\/vc_row][vc_row full_width=\u00bbstretch_row\u00bb content_placement=\u00bbmiddle\u00bb css=\u00bb.vc_custom_1455694509523{padding-top: 40px !important;padding-bottom: 100px !important;background-color: #ebebeb !important;}\u00bb el_class=\u00bbh7_desc\u00bb][vc_column css=\u00bb.vc_custom_1508835667741{padding-right: 10% !important;padding-left: 10% !important;}\u00bb][vc_column_text]\r\n<h2>TALLERES<\/h2>\r\nCon el fin de dar continuidad a nuestro modelo educativo, el programa acad\u00e9mico de Talleres de primaria de Colegio Humane, se fundamenta principalmente en la filosof\u00eda y metodolog\u00eda creada por la Dra. Mar\u00eda Montessori, que propone el desarrollo natural de las habilidades del ni\u00f1o, a trav\u00e9s de la observaci\u00f3n y el trabajo.\r\n\r\nLa metodolog\u00eda del programa de ingl\u00e9s del Dr. Giorgi Lozanov, que propone el desarrollo de las habilidades cognitivas del ni\u00f1o a trav\u00e9s de la estimulaci\u00f3n de los sentidos.\r\nEstas innovadoras propuestas despiertan y fomentan el inter\u00e9s, as\u00ed como el entusiasmo del ni\u00f1o por aprender, incrementando su creatividad y facilit\u00e1ndole la comprensi\u00f3n, de tal forma que el conocimiento que adquiere le es real y, por lo tanto, aplicable a su diario quehacer.\r\n\r\nNuestro modelo est\u00e1 dise\u00f1ado para grupos reducidos (m\u00e1ximo 13 ni\u00f1os por gu\u00eda en promedio). Dando como beneficio una mejor atenci\u00f3n personalizada al estudiante. El proceso de aprendizaje \/ ense\u00f1anza es orientado por expertos profesionales, los cuales gu\u00edan a los ni\u00f1os en base al respeto en su individualidad, la disciplina, empat\u00eda, cari\u00f1o y paciencia, elementos fundamentales para un mejor crecimiento del ni\u00f1o.[\/vc_column_text][\/vc_column][\/vc_row][vc_row full_width=\u00bbstretch_row\u00bb css=\u00bb.vc_custom_1455699231727{padding-top: 210px !important;padding-bottom: 170px !important;background-color: #03a9f4 !important;}\u00bb el_class=\u00bbwrap-pricing\u00bb][vc_column width=\u00bb1\/2&#8243; el_class=\u00bbleft-price\u00bb][vc_column_text]\r\n<div class=\"text-pricing\" style=\"color: white; margin-top: -25px;\">\r\n<h3 style=\"color: white;\">PERFIL DE EGRESO<\/h3>\r\n<p class=\"item\" style=\"font-weight: 100; font-size: 128.571%; line-height: 1.8em; margin-bottom: 68px;\"><span style=\"color: #ffffff;\">Al finalizar sexto de primaria el ni\u00f1o demostrar\u00e1 la obtenci\u00f3n de las siguientes habilidades:<\/span><\/p>\r\n<span style=\"color: #ffffff;\">&#8211; Comprende y se interesa por diferentes textos escritos, es capaz de dar su opini\u00f3n de manera oral y escrita. Redacta diferentes tipos de textos respetando su estructura, utilizando las reglas ortogr\u00e1ficas y signos de puntuaci\u00f3n de manera adecuada. Elabora instrumentos de estudio de acuerdo a una informaci\u00f3n obtenida (res\u00famenes, cuestionarios, mapas mentales, mapas conceptuales), sustrayendo las ideas principales y secundarias. Interpreta y sigue instrucciones a trav\u00e9s de la lectura. Identifica las palabras que no entiende y busca ayuda para aclararlas.<\/span>\r\n\r\n<span style=\"color: #ffffff;\">&#8211; Lee y escribe n\u00fameros naturales hasta billones y millon\u00e9simos. Dominan las operaciones fundamentales de n\u00fameros enteros, decimales y fraccionados. Interpreta y resuelve problemas matem\u00e1ticos con una o m\u00e1s inc\u00f3gnitas, utilizando las operaciones b\u00e1sicas, habilidades geom\u00e9tricas, porcentajes, razones y proporciones adem\u00e1s de regla de tres. Expresa e interpreta informaci\u00f3n en diferentes tipos de gr\u00e1ficas. Domina la construcci\u00f3n de pol\u00edgonos regulares e irregulares, obteniendo sus per\u00edmetros y \u00e1reas a trav\u00e9s del uso de f\u00f3rmulas, as\u00ed como la obtenci\u00f3n de inc\u00f3gnitas resultantes. Construye cuerpos geom\u00e9tricos y obtiene el volumen a trav\u00e9s del uso de f\u00f3rmulas y realiza la conversi\u00f3n entre medidas cubicas y capacidad. Maneja diferentes sistemas de medidas y los aplica en problemas realizando conversiones. Generan problemas matem\u00e1ticos de una inc\u00f3gnita a partir de datos conocidos. Adquiere la base de \u00e1lgebra utilizando las reglas de binomios y trinomios.<\/span>\r\n\r\n<span style=\"color: #ffffff;\">&#8211; Conoce y ubica geogr\u00e1ficamente diferentes climas y ecosistemas. Maneja y decodifica mapas y croquis. Identifica la divisi\u00f3n pol\u00edtica y el intercambio comercial y cultural del mundo. reconoce los fen\u00f3menos naturales del aire, agua y suelo. Realiza estudios de los movimientos terrestres y sus consecuencias. Comprende el estudio del universo y sus fen\u00f3menos f\u00edsicos.<\/span>\r\n\r\n<span style=\"color: #ffffff;\">-Profundiza en el estudio de los cinco reinos. Conoce y cuida las partes y funciones de su cuerpo, pudiendo prevenir riesgos. Comprende la interacci\u00f3n entre los elementos de un ecosistema. Es consciente del medio ambiente que lo rodea, cuidando y aprovechando los recursos naturales. Crea soluciones verdes y alternativas que optimicen sus propios recursos.<\/span>\r\n\r\n<\/div>\r\n[\/vc_column_text][\/vc_column][vc_column width=\u00bb1\/2&#8243; el_class=\u00bbleft-price\u00bb css=\u00bb.vc_custom_1455699351054{background-position: 0 0 !important;background-repeat: no-repeat !important;}\u00bb][vc_single_image image=\u00bb391975&#8243; img_size=\u00bbfull\u00bb el_class=\u00bbk2t-element-hover item_image\u00bb][\/vc_column][\/vc_row][vc_row full_width=\u00bbstretch_row\u00bb css=\u00bb.vc_custom_1456303754374{padding-top: 210px !important;padding-bottom: 170px !important;background-color: #4caf50 !important;}\u00bb el_class=\u00bbwrap-pricing iwrap\u00bb][vc_column width=\u00bb1\/2&#8243; el_class=\u00bbleft-price\u00bb][vc_single_image image=\u00bb392134&#8243; img_size=\u00bbfull\u00bb el_class=\u00bbk2t-element-hover item_image\u00bb][\/vc_column][vc_column width=\u00bb1\/2&#8243; el_class=\u00bbleft-price\u00bb css=\u00bb.vc_custom_1508835750059{background-position: 0 0 !important;background-repeat: no-repeat !important;}\u00bb][vc_column_text]<span style=\"color: #ffffff;\">-Reconoce el pasado para entender su presente e impactar su futuro. Maneja las l\u00edneas del tiempo de manera horizontal y vertical. Analiza y expresa procesos hist\u00f3ricos que abarcan desde el big bang hasta el siglo XXI. Se entiende como parte consciente del proceso hist\u00f3rico.<\/span>\r\n\r\n<span style=\"color: #ffffff;\">-Analiza la importancia de la sexualidad y sus diversas manifestaciones en la vida de los seres humanos. Establece relaciones basadas en el reconocimiento de la dignidad de la persona, cuestiona estereotipos. Aplica estrategias para el manejo y la manifestaci\u00f3n de emociones sin lesionar la dignidad propia ni la de los dem\u00e1s. Argumenta sobre las consecuencias del incumplimiento de normas y leyes que regulan la convivencia. Se reconoce como causa y efecto de sus acciones y se responsabiliza de su desarrollo personal y acad\u00e9mico.<\/span>\r\n\r\n<span style=\"color: #ffffff;\">-Aplica sus habilidades motrices, analizando y generando propuestas y soluciones en juegos modificados para el desarrollo del pensamiento creativo. Participa en actividades f\u00edsicas que fomentan su salud y dominan la diversidad de actividades deportivas. Respeta las habilidades y desarrollos de los dem\u00e1s, reconociendo elementos significativos en su comunicaci\u00f3n. Comprende los elementos de un juego como el espacio, reglas, compa\u00f1eros, tiempos, acciones y resultados.<\/span>\r\n\r\n<span style=\"color: #ffffff;\">-Valora el patrimonio art\u00edstico y cultural del mundo, sobre todo el nacional. Observa e interpreta los hechos art\u00edsticos y culturales de diferentes \u00e9pocas y lugares. Aprecia y opina sobre las manifestaciones culturales y art\u00edsticas que favorecen la construcci\u00f3n de una identidad. Maneja los fundamentos b\u00e1sicos de las artes pl\u00e1sticas por medio de diferentes lenguajes art\u00edsticos que estimulan y plasman su sensibilidad y creatividad.<\/span>\r\n\r\n<span style=\"color: #ffffff;\">-Explora los conocimientos b\u00e1sicos de la tecnolog\u00eda. Trabaja su aprendizaje bas\u00e1ndose en problemas y retos a trav\u00e9s de soluciones creativas y adem\u00e1s refuerzan su conocimiento general en computaci\u00f3n. Construyen y elaboran programas b\u00e1sicos de rob\u00f3tica. Se introducen a los sistemas de programaci\u00f3n en la electr\u00f3nica.<\/span>[\/vc_column_text][\/vc_column][\/vc_row][vc_row css=\u00bb.vc_custom_1456211060490{padding-top: 100px !important;}\u00bb el_class=\u00bbawesome_services\u00bb][vc_column width=\u00bb1\/2&#8243;]<div  id=\"U9prcRQiC4\" class=\"k2t-heading align-center has-border no-subtitle h2 fat_line\"><div class=\"k2t-heading-inner\"><div class=\"text\"><h2 class=\"h\"><span>PERFIL DE EGRESO<\/span><\/h2><div class=\"has-boder-style\"><span><\/span><\/div><\/div><\/div><\/div>[vc_column_text css=\u00bb.vc_custom_1487871629689{margin-top: -10px !important;}\u00bb]Ni\u00f1os responsables, conscientes de que sus actos y palabras tienen un impacto en s\u00ed mismo y los dem\u00e1s; son incluyentes con los otros y saben relacionarse positivamente con su entorno. Trabajan individualmente y con seguridad, validando sus logros y el de los otros.\r\nManipulan y comprenden el lenguaje, lo utilizan como instrumento natural para desenvolverse, dialogar, compartir sus opiniones y generar acuerdos; desarrollan diferentes t\u00e9cnicas de estudio para aclarar as\u00ed su conocimiento. Dominan las operaciones b\u00e1sicas, analizan, ordenan y estructuran toda la informaci\u00f3n que reciben, manejan la l\u00f3gica para resolver problemas de la vida cotidiana. Se reconocen como seres vivos\r\ncon-existiendo en un ecosistema, saben cuidarlo y aprovecharlo conscientemente.\r\nLos alumnos entienden y se comunican en ingl\u00e9s siendo capaces de\u00a0transmitir y satisfacer sus necesidades en diferentes entornos y contextos.[\/vc_column_text][\/vc_column][vc_column width=\u00bb1\/2&#8243;]<div  id=\"6pxNGBzCnS\" class=\"k2t-heading align-center has-border no-subtitle h2 fat_line\"><div class=\"k2t-heading-inner\"><div class=\"text\"><h2 class=\"h\"><span>Ingl\u00e9s<\/span><\/h2><div class=\"has-boder-style\"><span><\/span><\/div><\/div><\/div><\/div>[vc_column_text css=\u00bb.vc_custom_1487871676523{margin-top: -10px !important;}\u00bb]Los ni\u00f1os entienden y se expresan en ingl\u00e9s siendo capaces de transmitir y satisfacer sus necesidades de comunicaci\u00f3n en diferentes entornos y contextos.[\/vc_column_text][\/vc_column][\/vc_row][vc_row full_width=\u00bbstretch_row\u00bb css=\u00bb.vc_custom_1456212165414{padding-top: 100px !important;padding-bottom: 60px !important;background-color: #ffffff !important;}\u00bb el_class=\u00bbapply_course\u00bb][vc_column]<div  id=\"k5seSW7VoU\" class=\"k2t-heading align-left has-border no-subtitle h2 two_dots\"><div class=\"k2t-heading-inner\"><div class=\"text\"><h2 class=\"h\"><span>Dudas Talleres<\/span><\/h2><div class=\"has-boder-style\"><span><\/span><\/div><\/div><\/div><\/div>[vc_column_text css=\u00bb.vc_custom_1487871724913{margin-top: -10px !important;margin-bottom: 120px !important;}\u00bb el_class=\u00bbdesc_apply_course\u00bb]Contactanos para cualquier duda sobre Talleres[\/vc_column_text]\n<div class=\"wpcf7 no-js\" id=\"wpcf7-f3496-o1\" lang=\"en-US\" dir=\"ltr\" data-wpcf7-id=\"3496\">\n<div class=\"screen-reader-response\"><p role=\"status\" aria-live=\"polite\" aria-atomic=\"true\"><\/p> <ul><\/ul><\/div>\n<form action=\"\/espanol\/wp-json\/wp\/v2\/pages\/391964#wpcf7-f3496-o1\" method=\"post\" class=\"wpcf7-form init\" aria-label=\"Contact form\" novalidate=\"novalidate\" data-status=\"init\">\n<fieldset class=\"hidden-fields-container\"><input type=\"hidden\" name=\"_wpcf7\" value=\"3496\" \/><input type=\"hidden\" name=\"_wpcf7_version\" value=\"6.1.4\" \/><input type=\"hidden\" name=\"_wpcf7_locale\" value=\"en_US\" \/><input type=\"hidden\" name=\"_wpcf7_unit_tag\" value=\"wpcf7-f3496-o1\" \/><input type=\"hidden\" name=\"_wpcf7_container_post\" value=\"0\" \/><input type=\"hidden\" name=\"_wpcf7_posted_data_hash\" value=\"\" \/>\n<\/fieldset>\n<div id=\"commentform\">\n\t<p class=\"one-third\"><label>Nombre *<\/label><span class=\"wpcf7-form-control-wrap\" data-name=\"your-name\"><input size=\"40\" maxlength=\"400\" class=\"wpcf7-form-control wpcf7-text wpcf7-validates-as-required\" aria-required=\"true\" aria-invalid=\"false\" value=\"\" type=\"text\" name=\"your-name\" \/><\/span>\n\t<\/p>\n\t<p class=\"one-third\"><label>Email *<\/label><span class=\"wpcf7-form-control-wrap\" data-name=\"your-email\"><input size=\"40\" maxlength=\"400\" class=\"wpcf7-form-control wpcf7-email wpcf7-validates-as-required wpcf7-text wpcf7-validates-as-email\" aria-required=\"true\" aria-invalid=\"false\" value=\"\" type=\"email\" name=\"your-email\" \/><\/span>\n\t<\/p>\n\t<p><label>Mensaje *<\/label><span class=\"wpcf7-form-control-wrap\" data-name=\"your-message\"><textarea cols=\"40\" rows=\"10\" maxlength=\"2000\" class=\"wpcf7-form-control wpcf7-textarea\" aria-invalid=\"false\" name=\"your-message\"><\/textarea><\/span>\n\t<\/p>\n\t<p><input class=\"wpcf7-form-control wpcf7-submit has-spinner btn-ripple\" type=\"submit\" value=\"Enviar Mensaje\" \/>\n\t<\/p>\n<\/div><p style=\"display: none !important;\" class=\"akismet-fields-container\" data-prefix=\"_wpcf7_ak_\"><label>&#916;<textarea name=\"_wpcf7_ak_hp_textarea\" cols=\"45\" rows=\"8\" maxlength=\"100\"><\/textarea><\/label><input type=\"hidden\" id=\"ak_js_1\" name=\"_wpcf7_ak_js\" value=\"92\"\/><script>document.getElementById( \"ak_js_1\" ).setAttribute( \"value\", ( new Date() ).getTime() );<\/script><\/p><div class=\"wpcf7-response-output\" aria-hidden=\"true\"><\/div>\n<\/form>\n<\/div>\n[\/vc_column][\/vc_row]","protected":false},"excerpt":{"rendered":"<p>[vc_row css=\u00bb.vc_custom_1437102486827{margin-bottom: 0px !important;}\u00bb][vc_column][rev_slider_vc alias=\u00bbtalleres\u00bb][\/vc_column][\/vc_row][vc_row css=\u00bb.vc_custom_1494937331712{margin-bottom: 0px !important;padding-top: 100px !important;padding-bottom: 37px !important;}\u00bb][vc_column width=\u00bb1\/3&#8243;][vc_empty_space height=\u00bb57px\u00bb el_class=\u00bbhidden-xs\u00bb][\/vc_column][vc_column width=\u00bb1\/3&#8243;][vc_empty_space height=\u00bb57px\u00bb el_class=\u00bbhidden-xs\u00bb][\/vc_column][vc_column width=\u00bb1\/3&#8243;][vc_empty_space height=\u00bb57px\u00bb<\/p>\n","protected":false},"author":1,"featured_media":0,"parent":0,"menu_order":0,"comment_status":"closed","ping_status":"closed","template":"","meta":{"footnotes":""},"class_list":["post-391964","page","type-page","status-publish","hentry"],"_links":{"self":[{"href":"https:\/\/www.humane.com.mx\/espanol\/wp-json\/wp\/v2\/pages\/391964","targetHints":{"allow":["GET"]}}],"collection":[{"href":"https:\/\/www.humane.com.mx\/espanol\/wp-json\/wp\/v2\/pages"}],"about":[{"href":"https:\/\/www.humane.com.mx\/espanol\/wp-json\/wp\/v2\/types\/page"}],"author":[{"embeddable":true,"href":"https:\/\/www.humane.com.mx\/espanol\/wp-json\/wp\/v2\/users\/1"}],"replies":[{"embeddable":true,"href":"https:\/\/www.humane.com.mx\/espanol\/wp-json\/wp\/v2\/comments?post=391964"}],"version-history":[{"count":0,"href":"https:\/\/www.humane.com.mx\/espanol\/wp-json\/wp\/v2\/pages\/391964\/revisions"}],"wp:attachment":[{"href":"https:\/\/www.humane.com.mx\/espanol\/wp-json\/wp\/v2\/media?parent=391964"}],"curies":[{"name":"wp","href":"https:\/\/api.w.org\/{rel}","templated":true}]}}