{"id":391979,"date":"2017-02-23T17:58:10","date_gmt":"2017-02-23T17:58:10","guid":{"rendered":"http:\/\/www.humane.com.mx\/espanol\/?page_id=391979"},"modified":"2017-10-26T16:58:40","modified_gmt":"2017-10-26T16:58:40","slug":"secundaria-2","status":"publish","type":"page","link":"https:\/\/www.humane.com.mx\/espanol\/secundaria-2\/","title":{"rendered":"Secundaria 2"},"content":{"rendered":"[vc_row css=\u00bb.vc_custom_1437102486827{margin-bottom: 0px !important;}\u00bb][vc_column][rev_slider_vc alias=\u00bbsecundaria\u00bb][\/vc_column][\/vc_row][vc_row css=\u00bb.vc_custom_1494938150097{margin-bottom: 0px !important;padding-top: 100px !important;padding-bottom: 37px !important;}\u00bb][vc_column width=\u00bb1\/3&#8243;]<div class=\"k2t-iconbox layout-4\"  style=\"\"><div class=\"iconbox-icon\" style=\"\"><i style=\"\" class=\"zmdi zmdi-alarm-check\"><\/i><\/div><div class=\"iconbox-text\"><div class=\"title\"><h3 style=\"text-transform: inherit;\" class=\"h\"><a href=\"#\">Horario Secundaria<\/a><\/h3><\/div><div class=\"desc\">Horario de 7:30 a.m. a 3:00 p.m.<\/div><\/div><\/div>[vc_empty_space height=\u00bb57px\u00bb el_class=\u00bbhidden-xs\u00bb]<div class=\"k2t-iconbox layout-4\"  style=\"\"><div class=\"iconbox-icon\" style=\"\"><i style=\"\" class=\"zmdi zmdi-collection-text\"><\/i><\/div><div class=\"iconbox-text\"><div class=\"title\"><h3 style=\"text-transform: inherit;\" class=\"h\"><a href=\"#\">Reading Program<\/a><\/h3><\/div><div class=\"desc\">Los ni\u00f1os fomentan la lectura en ingles a su nivel y ritmo<\/div><\/div><\/div>[\/vc_column][vc_column width=\u00bb1\/3&#8243;]<div class=\"k2t-iconbox layout-4\"  style=\"\"><div class=\"iconbox-icon\" style=\"\"><i style=\"\" class=\"zmdi zmdi-accounts\"><\/i><\/div><div class=\"iconbox-text\"><div class=\"title\"><h3 style=\"text-transform: inherit;\" class=\"h\"><a href=\"#\">Completamente biling\u00fce<\/a><\/h3><\/div><div class=\"desc\">Clases academicas 100% en ingl\u00e9s<\/div><\/div><\/div>[vc_empty_space height=\u00bb57px\u00bb el_class=\u00bbhidden-xs\u00bb]<div class=\"k2t-iconbox layout-4\"  style=\"\"><div class=\"iconbox-icon\" style=\"\"><i style=\"\" class=\"zmdi zmdi-favorite-outline\"><\/i><\/div><div class=\"iconbox-text\"><div class=\"title\"><h3 style=\"text-transform: inherit;\" class=\"h\"><a href=\"#\">Ser Humane<\/a><\/h3><\/div><div class=\"desc\">Promovemos ni\u00f1os que resuelven sus conflictos dialogando, capaces de reflexionar y emp\u00e1ticos con su entorno.<\/div><\/div><\/div>[\/vc_column][vc_column width=\u00bb1\/3&#8243;]<div class=\"k2t-iconbox layout-4\"  style=\"\"><div class=\"iconbox-icon\" style=\"\"><i style=\"\" class=\"zmdi zmdi-cutlery\"><\/i><\/div><div class=\"iconbox-text\"><div class=\"title\"><h3 style=\"text-transform: inherit;\" class=\"h\"><a href=\"#\">Cafeteria<\/a><\/h3><\/div><div class=\"desc\">Alimentos balanceados<\/div><\/div><\/div>[vc_empty_space height=\u00bb57px\u00bb el_class=\u00bbhidden-xs\u00bb]<div class=\"k2t-iconbox layout-4\"  style=\"\"><div class=\"iconbox-icon\" style=\"\"><i style=\"\" class=\"zmdi zmdi-codepen\"><\/i><\/div><div class=\"iconbox-text\"><div class=\"title\"><h3 style=\"text-transform: inherit;\" class=\"h\"><a href=\"#\">Innovaci\u00f3n<\/a><\/h3><\/div><div class=\"desc\">Gracias a herramientas incre\u00edbles como impresoras 3D, arduinos, cortadoras l\u00e1ser e incluso software 3D libres, desarrollamos la creatividad de los alumnos para abrir su panorama y dejar en ellos la semilla de la innovaci\u00f3n<\/div><\/div><\/div>[\/vc_column][\/vc_row][vc_row full_width=\u00bbstretch_row\u00bb content_placement=\u00bbmiddle\u00bb css=\u00bb.vc_custom_1455694509523{padding-top: 40px !important;padding-bottom: 100px !important;background-color: #ebebeb !important;}\u00bb el_class=\u00bbh7_desc\u00bb][vc_column css=\u00bb.vc_custom_1508835396152{padding-right: 10% !important;padding-left: 10% !important;}\u00bb][vc_column_text]\r\n<h2>SECUNDARIA<\/h2>\r\nCon el fin de dar continuidad a nuestro modelo educativo, el programa acad\u00e9mico de la Secundaria del Colegio Humane, se fundamenta principalmente en la metodolog\u00eda creada por el Dr. Giorgi Lozanov, que propone el desarrollo de las habilidades cognitivas del joven a trav\u00e9s de la estimulaci\u00f3n de los sentidos. Esta innovadora propuesta despierta y fomenta el inter\u00e9s, as\u00ed como el entusiasmo del joven por aprender, incrementando su creatividad y facilit\u00e1ndole la compresi\u00f3n.\r\n\r\nNuestro modelo est\u00e1 dise\u00f1ado para grupos reducidos (m\u00e1ximo 25 alumnos por sal\u00f3n). Dando como beneficio una mejor atenci\u00f3n personalizada al estudiante. El proceso de aprendizaje \/ ense\u00f1anza es orientado por expertos profesionales, los cuales ejercen un rol tutelar en base al respeto en su individualidad, la disciplina, empat\u00eda, cari\u00f1o y paciencia, elementos fundamentales para un mejor crecimiento del joven.\r\n\r\n[\/vc_column_text][\/vc_column][\/vc_row][vc_row full_width=\u00bbstretch_row\u00bb css=\u00bb.vc_custom_1455699231727{padding-top: 210px !important;padding-bottom: 170px !important;background-color: #03a9f4 !important;}\u00bb el_class=\u00bbwrap-pricing\u00bb][vc_column width=\u00bb1\/2&#8243; el_class=\u00bbleft-price\u00bb][vc_column_text]\r\n<div class=\"text-pricing\" style=\"color: white; margin-top: -25px;\">\r\n<h3 style=\"color: white;\">PROGRAMA CURRICULAR<\/h3>\r\n&gt;\r\n\r\n<span style=\"color: #ffffff;\">Con la finalidad de que el aprendizaje sea significativo y de aplicaci\u00f3n concreta e inmediata, nuestro modelo se apoya en el desarrollo de proyectos, con los que se cubren las materias del programa curricular de la reforma educativa SEP. En este sentido, Colegio Humane ha obtenido excelentes frutos que nos ubican dentro del 10% de las mejores escuelas del estado y del pa\u00eds, de acuerdo a los resultados de la prueba ENLACE.<\/span>\r\n<h3>ACTIVIDADES CURRICULARES<\/h3>\r\n<span style=\"color: #ffffff;\">Como refuerzo al aprendizaje y desarrollo personal de los estudiantes, se llevan a cabo diversas actividades paralelas al programa curricular, tales como viajes, visitas a empresas, campamentos y servicio social.<\/span>\r\n\r\n<\/div>\r\n[\/vc_column_text][\/vc_column][vc_column width=\u00bb1\/2&#8243; el_class=\u00bbleft-price\u00bb css=\u00bb.vc_custom_1455699351054{background-position: 0 0 !important;background-repeat: no-repeat !important;}\u00bb][vc_single_image image=\u00bb391977&#8243; img_size=\u00bbfull\u00bb el_class=\u00bbk2t-element-hover item_image\u00bb][\/vc_column][\/vc_row][vc_row full_width=\u00bbstretch_row\u00bb css=\u00bb.vc_custom_1456303754374{padding-top: 210px !important;padding-bottom: 170px !important;background-color: #4caf50 !important;}\u00bb el_class=\u00bbwrap-pricing iwrap\u00bb][vc_column width=\u00bb1\/2&#8243; el_class=\u00bbleft-price\u00bb][vc_single_image image=\u00bb391973&#8243; img_size=\u00bbfull\u00bb el_class=\u00bbk2t-element-hover item_image\u00bb][\/vc_column][vc_column width=\u00bb1\/2&#8243; el_class=\u00bbleft-price\u00bb css=\u00bb.vc_custom_1508835459702{background-position: 0 0 !important;background-repeat: no-repeat !important;}\u00bb][vc_column_text]\r\n<div class=\"text-pricing\" style=\"color: white; margin-top: -25px;\">\r\n<h3 style=\"color: white;\">COMUNIDAD DE APRENDIZAJE<\/h3>\r\n<span style=\"color: #ffffff;\">En nuestras Comunidades de Aprendizaje, los alumnos se desenvuelven en un ambiente seguro y acompa\u00f1ado. Con el fin de mejorar la comunicaci\u00f3n Pap\u00e1s \/ Colegio; los maestros comparten la evoluci\u00f3n y avances personales de desempe\u00f1o de cada alumno, con sus padres.<\/span>\r\n<span style=\"color: #ffffff;\">El Colegio Humane en apoyo al proceso de desarrollo del adolescente, proporciona a los padres informaci\u00f3n, as\u00ed como charlas, entrevistas, etc., todo enfocado a las necesidades propias de esta edad que enriquecen tanto a los pap\u00e1s como a nuestros alumnos y sus familias.<\/span>\r\n\r\n<\/div>\r\n[\/vc_column_text][\/vc_column][\/vc_row][vc_row full_width=\u00bbstretch_row\u00bb css=\u00bb.vc_custom_1455699231727{padding-top: 210px !important;padding-bottom: 170px !important;background-color: #03a9f4 !important;}\u00bb el_class=\u00bbwrap-pricing\u00bb][vc_column width=\u00bb1\/2&#8243; el_class=\u00bbleft-price\u00bb][vc_column_text]\r\n<h3 style=\"color: white;\">SER HUMANE<\/h3>\r\n<span style=\"color: #ffffff;\">Colegio Humane a trav\u00e9s de este modelo tiene como compromiso inculcar en nuestros j\u00f3venes la pasi\u00f3n, la alegr\u00eda y entusiasmo por vivir. Todo esto, a trav\u00e9s de nuestros programas complementarios que integran actividades formales como arte, deportes, proyectos de h\u00e1bitos de lectura, m\u00fasica, teatro, danza, formaci\u00f3n pr\u00e1ctica en valores de vida: Las 7 llaves y materia Ser Humane, c\u00edrculos de conciencia y servicio social.<\/span>\r\n\r\n<span style=\"color: #ffffff;\">Sabemos que una buena educaci\u00f3n en la etapa de la adolescencia es vital para un crecimiento integral y arm\u00f3nico.<\/span>[\/vc_column_text][\/vc_column][vc_column width=\u00bb1\/2&#8243; el_class=\u00bbleft-price\u00bb css=\u00bb.vc_custom_1455699351054{background-position: 0 0 !important;background-repeat: no-repeat !important;}\u00bb][vc_single_image image=\u00bb392141&#8243; img_size=\u00bbfull\u00bb el_class=\u00bbk2t-element-hover item_image\u00bb][\/vc_column][\/vc_row][vc_row css=\u00bb.vc_custom_1456211060490{padding-top: 100px !important;}\u00bb el_class=\u00bbawesome_services\u00bb][vc_column width=\u00bb1\/2&#8243;]<div  id=\"4SaY60sIfb\" class=\"k2t-heading align-center has-border no-subtitle h2 fat_line\"><div class=\"k2t-heading-inner\"><div class=\"text\"><h2 class=\"h\"><span>NUESTRO OBJETIVO <\/span><\/h2><div class=\"has-boder-style\"><span><\/span><\/div><\/div><\/div><\/div>[vc_column_text css=\u00bb.vc_custom_1487873753953{margin-top: -10px !important;}\u00bb]J\u00f3venes biling\u00fces que identifican y solucionan sus barreras de estudio. Logrando\u00a0comprender y aplicar lo que estudian para alcanzar sus metas. Personas que fomentan su responsabilidad de manera constante y permanente;\u00a0y as\u00ed incrementan su nivel de conciencia y \u00e9tica para asumir su participaci\u00f3n de crear intercambio en abundancia, para s\u00ed mismos y para el mundo. Tambi\u00e9n logran ser personas inmersas en el desarrollo nacional y universal de los hechos, tomando decisiones para impactar su entorno de manera positiva.[\/vc_column_text]<div  id=\"lTGgrBOh3n\" class=\"k2t-heading align-center has-border no-subtitle h2 fat_line\"><div class=\"k2t-heading-inner\"><div class=\"text\"><h2 class=\"h\"><span>INGL\u00c9S<\/span><\/h2><div class=\"has-boder-style\"><span><\/span><\/div><\/div><\/div><\/div>[vc_column_text css=\u00bb.vc_custom_1487873788340{margin-top: -10px !important;}\u00bb]Alumnos que se comunican en ingl\u00e9s habiendo adquirido la lengua en un nivel avanzado en las cuatro \u00e1reas de habilidad que son: comprensi\u00f3n, oralidad, escritura y lectura; siendo capaces de participar en diferentes actividades y contextos.\r\n\r\nEs un modelo biling\u00fce. Diariamente se trabaja con un programa de ESOL (ingl\u00e9s como segunda lengua), esto de acuerdo al nivel y avance de cada alumno. As\u00ed tambi\u00e9n se imparten las materias de Geograf\u00eda e Historia Universal en este mismo idioma. Al t\u00e9rmino del nivel Secundaria, el estudiante obtiene su certificaci\u00f3n internacional TOEFL.[\/vc_column_text][\/vc_column][vc_column width=\u00bb1\/2&#8243;]<div  id=\"lw2tgvLAn6\" class=\"k2t-heading align-center has-border no-subtitle h2 fat_line\"><div class=\"k2t-heading-inner\"><div class=\"text\"><h2 class=\"h\"><span>PERFIL DE EGRESO<\/span><\/h2><div class=\"has-boder-style\"><span><\/span><\/div><\/div><\/div><\/div>[vc_column_text css=\u00bb.vc_custom_1487873820380{margin-top: -10px !important;}\u00bb]Al t\u00e9rmino de la Secundaria el chavo demostrar\u00e1 la obtenci\u00f3n de las siguientes habilidades:\r\n\r\n1.- Es capaz\u00a0de desarrollarse en un entorno de educaci\u00f3n media de manera exitosa.\r\n2.- Acreditar\u00e1 un examen de admisi\u00f3n de habilidades y conocimientos en la Preparatoria de su elecci\u00f3n.\r\n3.- Conocer\u00e1 y aplicar\u00e1 el desarrollo de temas matem\u00e1ticos de \u00e1lgebra y\u00a0trigonometr\u00eda.\r\n4.- Ser\u00e1 capaz de realizar un reporte escrito y oral\u00a0en cualquier g\u00e9nero literario, utilizando las herramientas fundamentales de la construcci\u00f3n ling\u00fc\u00edstica.\r\n5.- Utilizar\u00e1 los recursos ortogr\u00e1ficos necesarios para redactar textos de uso pr\u00e1ctico en varias materias.\r\n6.- Podr\u00e1 exponer de manera ordenada y clara un tema en el que se planteen diferentes ideas.\r\n7.- Pasar\u00e1 un examen de ingl\u00e9s a nivel internacional como el TOEFL obteniendo resultados superiores a los 560 puntos, as\u00ed como habilidades de alto nivel para llevar a cabo una convivencia productiva en un pa\u00eds angloparlante.\r\n8.- Se desarrollar\u00e1 de manera positiva en su entorno actuando con \u00e9tica y responsabilidad ante sus acciones y decisiones.[\/vc_column_text][\/vc_column][\/vc_row][vc_row full_width=\u00bbstretch_row\u00bb css=\u00bb.vc_custom_1456212165414{padding-top: 100px !important;padding-bottom: 60px !important;background-color: #ffffff !important;}\u00bb el_class=\u00bbapply_course\u00bb][vc_column]<div  id=\"9dweNhS1VP\" class=\"k2t-heading align-left has-border no-subtitle h2 two_dots\"><div class=\"k2t-heading-inner\"><div class=\"text\"><h2 class=\"h\"><span>Dudas de Secundaria<\/span><\/h2><div class=\"has-boder-style\"><span><\/span><\/div><\/div><\/div><\/div>[vc_column_text css=\u00bb.vc_custom_1487873850818{margin-top: -10px !important;margin-bottom: 120px !important;}\u00bb el_class=\u00bbdesc_apply_course\u00bb]Contactanos para cualquier duda sobre Secundaria[\/vc_column_text]\n<div class=\"wpcf7 no-js\" id=\"wpcf7-f3496-o1\" lang=\"en-US\" dir=\"ltr\" data-wpcf7-id=\"3496\">\n<div class=\"screen-reader-response\"><p role=\"status\" aria-live=\"polite\" aria-atomic=\"true\"><\/p> <ul><\/ul><\/div>\n<form action=\"\/espanol\/wp-json\/wp\/v2\/pages\/391979#wpcf7-f3496-o1\" method=\"post\" class=\"wpcf7-form init\" aria-label=\"Contact form\" novalidate=\"novalidate\" data-status=\"init\">\n<fieldset class=\"hidden-fields-container\"><input type=\"hidden\" name=\"_wpcf7\" value=\"3496\" \/><input type=\"hidden\" name=\"_wpcf7_version\" value=\"6.1.4\" \/><input type=\"hidden\" name=\"_wpcf7_locale\" value=\"en_US\" \/><input type=\"hidden\" name=\"_wpcf7_unit_tag\" value=\"wpcf7-f3496-o1\" \/><input type=\"hidden\" name=\"_wpcf7_container_post\" value=\"0\" \/><input type=\"hidden\" name=\"_wpcf7_posted_data_hash\" value=\"\" \/>\n<\/fieldset>\n<div id=\"commentform\">\n\t<p class=\"one-third\"><label>Nombre *<\/label><span class=\"wpcf7-form-control-wrap\" data-name=\"your-name\"><input size=\"40\" maxlength=\"400\" class=\"wpcf7-form-control wpcf7-text wpcf7-validates-as-required\" aria-required=\"true\" aria-invalid=\"false\" value=\"\" type=\"text\" name=\"your-name\" \/><\/span>\n\t<\/p>\n\t<p class=\"one-third\"><label>Email *<\/label><span class=\"wpcf7-form-control-wrap\" data-name=\"your-email\"><input size=\"40\" maxlength=\"400\" class=\"wpcf7-form-control wpcf7-email wpcf7-validates-as-required wpcf7-text wpcf7-validates-as-email\" aria-required=\"true\" aria-invalid=\"false\" value=\"\" type=\"email\" name=\"your-email\" \/><\/span>\n\t<\/p>\n\t<p><label>Mensaje *<\/label><span class=\"wpcf7-form-control-wrap\" data-name=\"your-message\"><textarea cols=\"40\" rows=\"10\" maxlength=\"2000\" class=\"wpcf7-form-control wpcf7-textarea\" aria-invalid=\"false\" name=\"your-message\"><\/textarea><\/span>\n\t<\/p>\n\t<p><input class=\"wpcf7-form-control wpcf7-submit has-spinner btn-ripple\" type=\"submit\" value=\"Enviar Mensaje\" \/>\n\t<\/p>\n<\/div><p style=\"display: none !important;\" class=\"akismet-fields-container\" data-prefix=\"_wpcf7_ak_\"><label>&#916;<textarea name=\"_wpcf7_ak_hp_textarea\" cols=\"45\" rows=\"8\" maxlength=\"100\"><\/textarea><\/label><input type=\"hidden\" id=\"ak_js_1\" name=\"_wpcf7_ak_js\" value=\"54\"\/><script>document.getElementById( \"ak_js_1\" ).setAttribute( \"value\", ( new Date() ).getTime() );<\/script><\/p><div class=\"wpcf7-response-output\" aria-hidden=\"true\"><\/div>\n<\/form>\n<\/div>\n[\/vc_column][\/vc_row]","protected":false},"excerpt":{"rendered":"<p>[vc_row css=\u00bb.vc_custom_1437102486827{margin-bottom: 0px !important;}\u00bb][vc_column][rev_slider_vc alias=\u00bbsecundaria\u00bb][\/vc_column][\/vc_row][vc_row css=\u00bb.vc_custom_1494938150097{margin-bottom: 0px !important;padding-top: 100px !important;padding-bottom: 37px !important;}\u00bb][vc_column width=\u00bb1\/3&#8243;][vc_empty_space height=\u00bb57px\u00bb el_class=\u00bbhidden-xs\u00bb][\/vc_column][vc_column width=\u00bb1\/3&#8243;][vc_empty_space height=\u00bb57px\u00bb el_class=\u00bbhidden-xs\u00bb][\/vc_column][vc_column width=\u00bb1\/3&#8243;][vc_empty_space height=\u00bb57px\u00bb<\/p>\n","protected":false},"author":1,"featured_media":0,"parent":0,"menu_order":0,"comment_status":"closed","ping_status":"closed","template":"","meta":{"footnotes":""},"class_list":["post-391979","page","type-page","status-publish","hentry"],"_links":{"self":[{"href":"https:\/\/www.humane.com.mx\/espanol\/wp-json\/wp\/v2\/pages\/391979","targetHints":{"allow":["GET"]}}],"collection":[{"href":"https:\/\/www.humane.com.mx\/espanol\/wp-json\/wp\/v2\/pages"}],"about":[{"href":"https:\/\/www.humane.com.mx\/espanol\/wp-json\/wp\/v2\/types\/page"}],"author":[{"embeddable":true,"href":"https:\/\/www.humane.com.mx\/espanol\/wp-json\/wp\/v2\/users\/1"}],"replies":[{"embeddable":true,"href":"https:\/\/www.humane.com.mx\/espanol\/wp-json\/wp\/v2\/comments?post=391979"}],"version-history":[{"count":0,"href":"https:\/\/www.humane.com.mx\/espanol\/wp-json\/wp\/v2\/pages\/391979\/revisions"}],"wp:attachment":[{"href":"https:\/\/www.humane.com.mx\/espanol\/wp-json\/wp\/v2\/media?parent=391979"}],"curies":[{"name":"wp","href":"https:\/\/api.w.org\/{rel}","templated":true}]}}